{"id":63,"date":"2021-11-15T15:26:00","date_gmt":"2021-11-15T15:26:00","guid":{"rendered":"https:\/\/mediateka.hu\/?page_id=63"},"modified":"2021-11-15T15:27:11","modified_gmt":"2021-11-15T15:27:11","slug":"szolgaltatasaink","status":"publish","type":"page","link":"https:\/\/mediateka.hu\/index.php\/create-your-website-with-blocks\/szolgaltatasaink\/","title":{"rendered":"Szolg\u00e1ltat\u00e1saink"},"content":{"rendered":"\n<p>B\u00e9lyegz\u0151k\u00e9sz\u00edt\u00e9s r\u00f6vid hat\u00e1rid\u0151vel, kiv\u00e1l\u00f3 min\u0151s\u00e9gben.<\/p>\n\n\n\n<p>F\u00e9nym\u00e1sol\u00e1s A4 \u00e9s A3 m\u00e9retben, fekete vagy sz\u00ednes nyomtat\u00e1ssal.<\/p>\n\n\n\n<p>Spir\u00e1loz\u00e1s (m\u0171anyag vagy f\u00e9m spir\u00e1llal).<\/p>\n\n\n\n<p>Lamin\u00e1l\u00e1s A4 \u00e9s A3 m\u00e9retben<\/p>\n\n\n\n<p><\/p>\n\n\n\n<p><\/p>\n","protected":false},"excerpt":{"rendered":"<p>B\u00e9lyegz\u0151k\u00e9sz\u00edt\u00e9s r\u00f6vid hat\u00e1rid\u0151vel, kiv\u00e1l\u00f3 min\u0151s\u00e9gben. F\u00e9nym\u00e1sol\u00e1s A4 \u00e9s A3 m\u00e9retben, fekete vagy sz\u00ednes nyomtat\u00e1ssal. Spir\u00e1loz\u00e1s (m\u0171anyag vagy f\u00e9m spir\u00e1llal). Lamin\u00e1l\u00e1s A4 \u00e9s A3 m\u00e9retben<\/p>\n","protected":false},"author":1,"featured_media":0,"parent":6,"menu_order":0,"comment_status":"closed","ping_status":"closed","template":"","meta":[],"_links":{"self":[{"href":"https:\/\/mediateka.hu\/index.php\/wp-json\/wp\/v2\/pages\/63"}],"collection":[{"href":"https:\/\/mediateka.hu\/index.php\/wp-json\/wp\/v2\/pages"}],"about":[{"href":"https:\/\/mediateka.hu\/index.php\/wp-json\/wp\/v2\/types\/page"}],"author":[{"embeddable":true,"href":"https:\/\/mediateka.hu\/index.php\/wp-json\/wp\/v2\/users\/1"}],"replies":[{"embeddable":true,"href":"https:\/\/mediateka.hu\/index.php\/wp-json\/wp\/v2\/comments?post=63"}],"version-history":[{"count":1,"href":"https:\/\/mediateka.hu\/index.php\/wp-json\/wp\/v2\/pages\/63\/revisions"}],"predecessor-version":[{"id":64,"href":"https:\/\/mediateka.hu\/index.php\/wp-json\/wp\/v2\/pages\/63\/revisions\/64"}],"up":[{"embeddable":true,"href":"https:\/\/mediateka.hu\/index.php\/wp-json\/wp\/v2\/pages\/6"}],"wp:attachment":[{"href":"https:\/\/mediateka.hu\/index.php\/wp-json\/wp\/v2\/media?parent=63"}],"curies":[{"name":"wp","href":"https:\/\/api.w.org\/{rel}","templated":true}]}}